{"id":206,"date":"2017-06-29T06:26:35","date_gmt":"2017-06-29T06:26:35","guid":{"rendered":"http:\/\/precise.la-studioweb.com\/?page_id=206"},"modified":"2021-02-11T20:49:41","modified_gmt":"2021-02-11T20:49:41","slug":"demo-04","status":"publish","type":"page","link":"https:\/\/comercomb.info\/","title":{"rendered":"Demo 04"},"content":{"rendered":"<p>[vc_row][vc_column][rev_slider_vc alias=&#8221;demo-04&#8243; el_class=&#8221;overflow-hidden&#8221;][\/vc_column][\/vc_row][vc_row equal_height=&#8221;yes&#8221; content_placement=&#8221;middle&#8221;][vc_column width=&#8221;1\/2&#8243;][vc_single_image image=&#8221;933&#8243; img_size=&#8221;full&#8221; alignment=&#8221;center&#8221; el_class=&#8221;size-full&#8221;][\/vc_column][vc_column width=&#8221;1\/2&#8243; css=&#8221;.vc_custom_1501195788898{padding: 5% !important;}&#8221; el_class=&#8221;wpb_wrapper&#8211;custom wpb_wrapper&#8211;custom-right&#8221;][la_heading alignment=&#8221;left&#8221; title=&#8221;Que Hacemos&#8221;]Comercomb s.a.s , est\u00e1 comprometida a brindar productos de calidad, enfocada a la satisfacci\u00f3n de los requerimientos de nuestros clientes, con el personal competente para el desarrollo de sus actividades basada en el mejoramiento continuo del Sistema de Gesti\u00f3n de la calidad , asi mismo prestamos una serie de servicios de calidad para el sector minero de transporte y combustible.[\/la_heading][la_btn title=&#8221;ver m\u00e1s&#8221; style=&#8221;outline&#8221; border_width=&#8221;2&#8243; shape=&#8221;round&#8221; color=&#8221;gray&#8221; size=&#8221;sm&#8221; align=&#8221;left&#8221; link=&#8221;url:https%3A%2F%2Fcomercomb.com%2Findex.php%2Fempresa%2F|title:Empresa||&#8221;][\/vc_column][\/vc_row][vc_row equal_height=&#8221;yes&#8221; content_placement=&#8221;middle&#8221;][vc_column width=&#8221;1\/2&#8243; el_class=&#8221;wpb_wrapper&#8211;custom wpb_wrapper&#8211;custom-center&#8221;][la_heading alignment=&#8221;left&#8221; title=&#8221;Objetivos de calidad&#8221;]\u2981 Garantizar que nuestros materiales cumplan las especificaciones requeridas por el cliente, mejorando los niveles de satisfacci\u00f3n del mismo.<br \/>\n\u2981 Mejorar la eficiencia y productividad en el quehacer de la Mina, procurando la preservaci\u00f3n del medio ambiente.<br \/>\n\u2981 Mejorar continuamente el Sistema de Gesti\u00f3n integrado.<br \/>\n\u2981 Identificar los peligros, evaluar, valorar los riesgos y establecer los respectivos controles.<br \/>\n\u2981 Cumplir la normatividad nacional vigente aplicable en materia de riesgos laborales y medio ambiente.<br \/>\n\u2981 Establecer e implementar acciones de prevenci\u00f3n, mitigaci\u00f3n, correcci\u00f3n y compensaci\u00f3n de los impactos ambientales que se generan en los procesos mineros.<br \/>\n\u2981 Velar por el bienestar de nuestro personal y el mejoramiento de su desempe\u00f1o.[\/la_heading][la_btn title=&#8221;ver m\u00e1s&#8221; style=&#8221;outline&#8221; border_width=&#8221;2&#8243; shape=&#8221;round&#8221; color=&#8221;gray&#8221; size=&#8221;sm&#8221; align=&#8221;left&#8221; link=&#8221;url:https%3A%2F%2Fcomercomb.com%2Findex.php%2Fproductos%2F|title:Empresa||&#8221;][\/vc_column][vc_column width=&#8221;1\/2&#8243; css=&#8221;.vc_custom_1602248292138{padding-top: 5% !important;padding-right: 5% !important;padding-bottom: 5% !important;padding-left: 5% !important;}&#8221;][vc_single_image image=&#8221;1074&#8243; img_size=&#8221;full&#8221; alignment=&#8221;right&#8221; el_class=&#8221;size-full&#8221;][\/vc_column][\/vc_row][vc_row equal_height=&#8221;yes&#8221; content_placement=&#8221;middle&#8221;][vc_column width=&#8221;1\/2&#8243;][vc_single_image image=&#8221;1050&#8243; img_size=&#8221;full&#8221; alignment=&#8221;right&#8221; el_class=&#8221;size-full&#8221;][\/vc_column][vc_column width=&#8221;1\/2&#8243; css=&#8221;.vc_custom_1501195788898{padding: 5% !important;}&#8221; el_class=&#8221;wpb_wrapper&#8211;custom wpb_wrapper&#8211;custom-right&#8221;][la_heading alignment=&#8221;left&#8221; title=&#8221;Quienes Somos&#8221;]Comercomb s.a.s , es una empresa comercializadora de combustibles, lubricantes, derivados del petr\u00f3leo y prestaci\u00f3n de servicios complementarios. Especializada en la exploraci\u00f3n, explotaci\u00f3n, transformaci\u00f3n y comercializaci\u00f3n de materiales de construcci\u00f3n de los recursos mineros y procesamiento de calizas.<\/p>\n<p>Orientada a satisfacer las necesidades de nuestros clientes con productos de calidad y excelencia en el servicio, Cuenta con el talento humano integro que re\u00fane las competencias necesarias para el cumplimiento de los requisitos, aumento de la productividad, la reducci\u00f3n y prevenci\u00f3n de la contaminaci\u00f3n al medio ambiente.[\/la_heading][la_btn title=&#8221;ver m\u00e1s&#8221; style=&#8221;outline&#8221; border_width=&#8221;2&#8243; shape=&#8221;round&#8221; color=&#8221;gray&#8221; size=&#8221;sm&#8221; align=&#8221;left&#8221; link=&#8221;url:https%3A%2F%2Fcomercomb.com%2Findex.php%2Fempresa%2F|title:Empresa||&#8221;][\/vc_column][\/vc_row][vc_row equal_height=&#8221;yes&#8221; content_placement=&#8221;middle&#8221;][vc_column width=&#8221;2\/3&#8243;][la_heading title=&#8221;CERTIFICACION ICONTEC&#8221;]Certificado de Gesti\u00f3n de la calidad ISO 9001:2015 en los procesos de Extracci\u00f3n, Transformaci\u00f3n y comercializaci\u00f3n de carbonato de calcio y piedra caliza.[\/la_heading][\/vc_column][vc_column width=&#8221;1\/3&#8243;][vc_single_image image=&#8221;1078&#8243; img_size=&#8221;300&#215;200&#8243; alignment=&#8221;center&#8221;][\/vc_column][\/vc_row][vc_row parallax=&#8221;content-moving&#8221; parallax_speed_bg=&#8221;1.2&#8243; css=&#8221;.vc_custom_1602191964076{margin-right: 0px !important;margin-left: 0px !important;padding-top: 80px !important;padding-bottom: 120px !important;background-image: url(https:\/\/comercomb.com\/wp-content\/uploads\/2020\/10\/dsaa.png?id=957) !important;background-position: 0 0;background-repeat:-repeat;}&#8221;][vc_column][la_heading tag=&#8221;div&#8221; subtitle_class=&#8221;font-weight-700&#8243; title_fz=&#8221;lg:24px;md:22px;sm:20px;&#8221; title_lh=&#8221;lg:24px;&#8221; title_color=&#8221;#ffffff&#8221; subtitle_fz=&#8221;lg:160px;md:130px;sm:100px;xs:80px;&#8221; subtitle_lh=&#8221;lg:160px;md:130px;sm:100px;xs:80px;&#8221; subtitle_color=&#8221;#ffffff&#8221; el_class=&#8221;la_heading&#8211;sale&#8221;]SERVICIO CON CALIDAD[\/la_heading][la_btn title=&#8221;CONOCER M\u00c1S&#8221; shape=&#8221;round&#8221; color=&#8221;white&#8221; align=&#8221;center&#8221; link=&#8221;|||&#8221;][\/vc_column][\/vc_row]<\/p>\n","protected":false},"excerpt":{"rendered":"<p>[vc_row][vc_column][rev_slider_vc alias=&#8221;demo-04&#8243; el_class=&#8221;overflow-hidden&#8221;][\/vc_column][\/vc_row][vc_row equal_height=&#8221;yes&#8221; content_placement=&#8221;middle&#8221;][vc_column width=&#8221;1\/2&#8243;][vc_single_image image=&#8221;933&#8243; img_size=&#8221;full&#8221; alignment=&#8221;center&#8221; el_class=&#8221;size-full&#8221;][\/vc_column][vc_column width=&#8221;1\/2&#8243; css=&#8221;.vc_custom_1501195788898{padding: 5% !important;}&#8221; el_class=&#8221;wpb_wrapper&#8211;custom wpb_wrapper&#8211;custom-right&#8221;][la_heading alignment=&#8221;left&#8221; title=&#8221;Que Hacemos&#8221;]Comercomb s.a.s , est\u00e1 comprometida a brindar productos de calidad, enfocada a la satisfacci\u00f3n de los requerimientos de nuestros clientes, con el personal competente para el desarrollo de sus actividades basada en el mejoramiento continuo del Sistema de Gesti\u00f3n de la calidad&hellip;<\/p>\n","protected":false},"author":1,"featured_media":0,"parent":0,"menu_order":0,"comment_status":"closed","ping_status":"closed","template":"","meta":{"footnotes":""},"class_list":["post-206","page","type-page","status-publish","hentry"],"_links":{"self":[{"href":"https:\/\/comercomb.info\/index.php\/wp-json\/wp\/v2\/pages\/206","targetHints":{"allow":["GET"]}}],"collection":[{"href":"https:\/\/comercomb.info\/index.php\/wp-json\/wp\/v2\/pages"}],"about":[{"href":"https:\/\/comercomb.info\/index.php\/wp-json\/wp\/v2\/types\/page"}],"author":[{"embeddable":true,"href":"https:\/\/comercomb.info\/index.php\/wp-json\/wp\/v2\/users\/1"}],"replies":[{"embeddable":true,"href":"https:\/\/comercomb.info\/index.php\/wp-json\/wp\/v2\/comments?post=206"}],"version-history":[{"count":40,"href":"https:\/\/comercomb.info\/index.php\/wp-json\/wp\/v2\/pages\/206\/revisions"}],"predecessor-version":[{"id":1079,"href":"https:\/\/comercomb.info\/index.php\/wp-json\/wp\/v2\/pages\/206\/revisions\/1079"}],"wp:attachment":[{"href":"https:\/\/comercomb.info\/index.php\/wp-json\/wp\/v2\/media?parent=206"}],"curies":[{"name":"wp","href":"https:\/\/api.w.org\/{rel}","templated":true}]}}