{"id":962,"date":"2020-10-08T21:31:49","date_gmt":"2020-10-08T21:31:49","guid":{"rendered":"https:\/\/comercomb.com\/?page_id=962"},"modified":"2020-10-14T23:06:13","modified_gmt":"2020-10-14T23:06:13","slug":"empresa","status":"publish","type":"page","link":"https:\/\/comercomb.info\/index.php\/empresa\/","title":{"rendered":"Empresa"},"content":{"rendered":"<p>[vc_row][vc_column width=&#8221;1\/2&#8243;][vc_single_image image=&#8221;1053&#8243; img_size=&#8221;full&#8221; el_class=&#8221;size-full&#8221;][\/vc_column][vc_column width=&#8221;1\/2&#8243;][la_heading title=&#8221;MISI\u00d3N&#8221;]\n<p style=\"text-align: left;\">COMERCOMB S.A.S., es una empresa comercializadora de combustibles, lubricantes, derivados del petr\u00f3leo y prestaci\u00f3n de servicios complementarios. Especializada en la exploraci\u00f3n, explotaci\u00f3n, transformaci\u00f3n y comercializaci\u00f3n de materiales de construcci\u00f3n de los recursos mineros y procesamiento de calizas. Orientada a satisfacer las necesidades de nuestros clientes con productos de calidad y excelencia en el servicio. Cuenta con el talento humano integro que re\u00fane las competencias necesarias para el cumplimiento de los requisitos, aumento de la productividad, la reducci\u00f3n y prevenci\u00f3n de la contaminaci\u00f3n al medio ambiente.<\/p>\n<p>[\/la_heading][\/vc_column][\/vc_row][vc_row][vc_column][vc_zigzag][\/vc_column][\/vc_row][vc_row][vc_column width=&#8221;1\/2&#8243;][la_heading title=&#8221;VISI\u00d3N&#8221;]\n<p style=\"text-align: left;\">Para el a\u00f1o 2025 COMERCOMB S.A.S., ser\u00e1 una empresa l\u00edder a nivel regional y nacional, brindando a sus clientes una mejor calidad en sus procesos y productos.\u00a0 Seremos una entidad de distribuci\u00f3n mayorista n\u00famero uno en servicio al cliente, admirada por su capacidad de generar valor en la cadena de abastecimiento y por el retorno alcanzado sobre el capital invertido.<\/p>\n<p>[\/la_heading][\/vc_column][vc_column width=&#8221;1\/2&#8243;][vc_single_image image=&#8221;1055&#8243; img_size=&#8221;full&#8221; el_class=&#8221;size-full&#8221;][\/vc_column][\/vc_row][vc_row][vc_column][vc_zigzag][\/vc_column][\/vc_row][vc_row][vc_column width=&#8221;1\/2&#8243;][vc_single_image image=&#8221;1057&#8243; img_size=&#8221;full&#8221; el_class=&#8221;size-full&#8221;][\/vc_column][vc_column width=&#8221;1\/2&#8243;][la_heading title=&#8221;POL\u00cdTICA HSEQ&#8221;]\n<p style=\"text-align: left;\">Mina Comercomb S.A.S. es una organizaci\u00f3n especializada en la exploraci\u00f3n, explotaci\u00f3n, transformaci\u00f3n, comercializaci\u00f3n de materiales de construcci\u00f3n y procesamiento de calizas; comprometida con la implementaci\u00f3n del Sistema Integrado de Gesti\u00f3n HSEQ, cumpliendo los requisitos legales, ofreciendo productos de calidad, enfocados en la satisfacci\u00f3n del cliente; manteniendo procesos de mejoramiento continuo con \u00e9nfasis en la eficiencia operacional. Fomentando la participaci\u00f3n, salud e integridad f\u00edsica de los trabajadores, mediante identificaci\u00f3n de riesgos y peligros encaminados a la prevenci\u00f3n de incidentes, accidentes de trabajo y enfermedades laborales. Del mismo modo es consciente en mitigar los efectos e impactos ambientales generados por las actividades propias del proyecto minero.<\/p>\n<p>[\/la_heading][\/vc_column][\/vc_row][vc_row][vc_column][vc_zigzag][\/vc_column][\/vc_row][vc_row][vc_column width=&#8221;1\/2&#8243;][la_heading title=&#8221;OBJETIVOS DE HSEQ&#8221;]\n<ul>\n<li style=\"text-align: left;\">\u2981 Garantizar que nuestros materiales cumplan las especificaciones requeridas por el cliente, mejorando los niveles de satisfacci\u00f3n del mismo.<br \/>\n\u2981 Mejorar la eficiencia y productividad en el quehacer de la Mina, procurando la preservaci\u00f3n del medio ambiente.<br \/>\n\u2981 Mejorar continuamente el Sistema de Gesti\u00f3n integrado.<br \/>\n\u2981 Identificar los peligros, evaluar, valorar los riesgos y establecer los respectivos controles.<br \/>\n\u2981 Cumplir la normatividad nacional vigente aplicable en materia de riesgos laborales y medio ambiente.<br \/>\n\u2981 Establecer e implementar acciones de prevenci\u00f3n, mitigaci\u00f3n, correcci\u00f3n y compensaci\u00f3n de los impactos ambientales que se generan en los procesos mineros.<br \/>\n\u2981 Velar por el bienestar de nuestro personal y el mejoramiento de su desempe\u00f1o.<\/li>\n<\/ul>\n<p>[\/la_heading][\/vc_column][vc_column width=&#8221;1\/2&#8243;][vc_single_image image=&#8221;963&#8243; img_size=&#8221;full&#8221; el_class=&#8221;size-full&#8221;][\/vc_column][\/vc_row]<\/p>\n","protected":false},"excerpt":{"rendered":"<p>[vc_row][vc_column width=&#8221;1\/2&#8243;][vc_single_image image=&#8221;1053&#8243; img_size=&#8221;full&#8221; el_class=&#8221;size-full&#8221;][\/vc_column][vc_column width=&#8221;1\/2&#8243;][la_heading title=&#8221;MISI\u00d3N&#8221;] COMERCOMB S.A.S., es una empresa comercializadora de combustibles, lubricantes, derivados del petr\u00f3leo y prestaci\u00f3n de servicios complementarios. Especializada en la exploraci\u00f3n, explotaci\u00f3n, transformaci\u00f3n y comercializaci\u00f3n de materiales de construcci\u00f3n de los recursos mineros y procesamiento de calizas. Orientada a satisfacer las necesidades de nuestros clientes con productos de calidad y excelencia en el&hellip;<\/p>\n","protected":false},"author":1,"featured_media":0,"parent":0,"menu_order":0,"comment_status":"closed","ping_status":"closed","template":"","meta":{"footnotes":""},"class_list":["post-962","page","type-page","status-publish","hentry"],"_links":{"self":[{"href":"https:\/\/comercomb.info\/index.php\/wp-json\/wp\/v2\/pages\/962","targetHints":{"allow":["GET"]}}],"collection":[{"href":"https:\/\/comercomb.info\/index.php\/wp-json\/wp\/v2\/pages"}],"about":[{"href":"https:\/\/comercomb.info\/index.php\/wp-json\/wp\/v2\/types\/page"}],"author":[{"embeddable":true,"href":"https:\/\/comercomb.info\/index.php\/wp-json\/wp\/v2\/users\/1"}],"replies":[{"embeddable":true,"href":"https:\/\/comercomb.info\/index.php\/wp-json\/wp\/v2\/comments?post=962"}],"version-history":[{"count":10,"href":"https:\/\/comercomb.info\/index.php\/wp-json\/wp\/v2\/pages\/962\/revisions"}],"predecessor-version":[{"id":1071,"href":"https:\/\/comercomb.info\/index.php\/wp-json\/wp\/v2\/pages\/962\/revisions\/1071"}],"wp:attachment":[{"href":"https:\/\/comercomb.info\/index.php\/wp-json\/wp\/v2\/media?parent=962"}],"curies":[{"name":"wp","href":"https:\/\/api.w.org\/{rel}","templated":true}]}}