{"id":980,"date":"2020-10-08T22:06:32","date_gmt":"2020-10-08T22:06:32","guid":{"rendered":"https:\/\/comercomb.com\/?page_id=980"},"modified":"2020-10-09T19:13:47","modified_gmt":"2020-10-09T19:13:47","slug":"servicios","status":"publish","type":"page","link":"https:\/\/comercomb.info\/index.php\/servicios\/","title":{"rendered":"servicios"},"content":{"rendered":"<p>[vc_row][vc_column][la_heading title=&#8221;Servicios&#8221;]Comercomb s.a.s, est\u00e1 comprometida a brindar productos de calidad, enfocada a la satisfacci\u00f3n de los requerimientos de nuestros clientes, con el personal competente para el desarrollo de sus actividades basada en el mejoramiento continuo del Sistema de Gesti\u00f3n de la calidad.[\/la_heading][\/vc_column][\/vc_row][vc_row][vc_column width=&#8221;1\/2&#8243;][vc_single_image image=&#8221;993&#8243; img_size=&#8221;full&#8221;][\/vc_column][vc_column width=&#8221;1\/2&#8243;][la_heading title=&#8221;Comercializaci\u00f3n De Combustibles.&#8221;]Ofrecemos Los mejores productos en combustibles, lubricantes, derivados del petr\u00f3leo , tambi\u00e9n somos l\u00edderes en la prestaci\u00f3n de servicios complementarios.[\/la_heading][\/vc_column][\/vc_row][vc_row][vc_column][vc_row_inner][vc_column_inner width=&#8221;1\/3&#8243;][vc_single_image image=&#8221;989&#8243; img_size=&#8221;400&#215;400&#8243; title=&#8221;EDS EL LAGO&#8221;][vc_gmaps link=&#8221;#E-8_JTNDaWZyYW1lJTIwc3JjJTNEJTIyaHR0cHMlM0ElMkYlMkZ3d3cuZ29vZ2xlLmNvbSUyRm1hcHMlMkZlbWJlZCUzRnBiJTNEJTIxMW0xOCUyMTFtMTIlMjExbTMlMjExZDE1NTcuOTgwNDkwNTQ4NjczMyUyMTJkLTczLjE2NjU0MDA1MTQxMDY4JTIxM2Q2LjU0MTY1NTIzNjA4Nzg3MiUyMTJtMyUyMTFmMCUyMTJmMCUyMTNmMCUyMTNtMiUyMTFpMTAyNCUyMTJpNzY4JTIxNGYxMy4xJTIxM20zJTIxMW0yJTIxMXMweDhlNjljMTRjNjMyNGM3MmIlMjUzQTB4ZGQ1MTRhOTMzZjM5MmQ5NSUyMTJzRXN0YWNpJTI1QzMlMjVCM24lMjUyMGRlJTI1MjBTZXJ2aWNpbyUyNTIwcGV0cm9taWwlMjUyMEd1YW5lbnQlMjVDMyUyNUExJTI1MjBLbSUyNTIwMiUyNTIwU2FuJTI1MjBHaWwlMjUyMFNvY29ycm8lMjE1ZTAlMjEzbTIlMjExc2VzJTIxMnNjbyUyMTR2MTYwMjI3MDczMDI1MiUyMTVtMiUyMTFzZXMlMjEyc2NvJTIyJTIwd2lkdGglM0QlMjI2MDAlMjIlMjBoZWlnaHQlM0QlMjI0NTAlMjIlMjBmcmFtZWJvcmRlciUzRCUyMjAlMjIlMjBzdHlsZSUzRCUyMmJvcmRlciUzQTAlM0IlMjIlMjBhbGxvd2Z1bGxzY3JlZW4lM0QlMjIlMjIlMjBhcmlhLWhpZGRlbiUzRCUyMmZhbHNlJTIyJTIwdGFiaW5kZXglM0QlMjIwJTIyJTNFJTNDJTJGaWZyYW1lJTNF&#8221;][\/vc_column_inner][vc_column_inner width=&#8221;1\/3&#8243;][vc_single_image image=&#8221;994&#8243; img_size=&#8221;400&#215;400&#8243; title=&#8221;EDS SANTA CRUZ&#8221;][vc_gmaps link=&#8221;#E-8_JTNDaWZyYW1lJTIwc3JjJTNEJTIyaHR0cHMlM0ElMkYlMkZ3d3cuZ29vZ2xlLmNvbSUyRm1hcHMlMkZlbWJlZCUzRnBiJTNEJTIxMW0xOCUyMTFtMTIlMjExbTMlMjExZDQ2Ny42NjIwMDc1NzEyNjU4NiUyMTJkLTczLjEyODY2MzM3ODUzODk5JTIxM2Q2LjU1MTM0MDg3OTI3MDUxNzQlMjEybTMlMjExZjAlMjEyZjAlMjEzZjAlMjEzbTIlMjExaTEwMjQlMjEyaTc2OCUyMTRmMTMuMSUyMTNtMyUyMTFtMiUyMTFzMHg4ZTY5YzcyZjJiZDFlZjg3JTI1M0EweDM2ZDg2OTUwNDEwMDMzZTclMjEyc0VzdGFjaW9uJTI1MjBkZSUyNTIwU2VydmljaW8lMjUyMFNhbnRhJTI1MjBDcnV6JTI1MjBwZXRyb21pbCUyMTVlMCUyMTNtMiUyMTFzZXMlMjEyc2NvJTIxNHYxNjAyMjcwNzgwMTg5JTIxNW0yJTIxMXNlcyUyMTJzY28lMjIlMjB3aWR0aCUzRCUyMjYwMCUyMiUyMGhlaWdodCUzRCUyMjQ1MCUyMiUyMGZyYW1lYm9yZGVyJTNEJTIyMCUyMiUyMHN0eWxlJTNEJTIyYm9yZGVyJTNBMCUzQiUyMiUyMGFsbG93ZnVsbHNjcmVlbiUzRCUyMiUyMiUyMGFyaWEtaGlkZGVuJTNEJTIyZmFsc2UlMjIlMjB0YWJpbmRleCUzRCUyMjAlMjIlM0UlM0MlMkZpZnJhbWUlM0U=&#8221;][\/vc_column_inner][vc_column_inner width=&#8221;1\/3&#8243;][vc_single_image image=&#8221;995&#8243; img_size=&#8221;400&#215;400&#8243; title=&#8221;EDS LA 11&#8243;][vc_gmaps link=&#8221;#E-8_JTNDaWZyYW1lJTIwc3JjJTNEJTIyaHR0cHMlM0ElMkYlMkZ3d3cuZ29vZ2xlLmNvbSUyRm1hcHMlMkZlbWJlZCUzRnBiJTNEJTIxMW0xOCUyMTFtMTIlMjExbTMlMjExZDI0Ny43MzI5OTQ2NTE3MDA2NCUyMTJkLTczLjEzNzEyNzExMDEwNTY3JTIxM2Q2LjU1NTk5MjMxMTQ3NzM5NzUlMjEybTMlMjExZjAlMjEyZjAlMjEzZjAlMjEzbTIlMjExaTEwMjQlMjEyaTc2OCUyMTRmMTMuMSUyMTNtMyUyMTFtMiUyMTFzMHgwJTI1M0EweGE5ODMyMWI3MjBjMWJiODklMjEyc0VEUyUyNTIwTEElMjUyMDExJTIxNWUwJTIxM20yJTIxMXNlcyUyMTJzY28lMjE0djE2MDIyNzA4MTU5MTclMjE1bTIlMjExc2VzJTIxMnNjbyUyMiUyMHdpZHRoJTNEJTIyNjAwJTIyJTIwaGVpZ2h0JTNEJTIyNDUwJTIyJTIwZnJhbWVib3JkZXIlM0QlMjIwJTIyJTIwc3R5bGUlM0QlMjJib3JkZXIlM0EwJTNCJTIyJTIwYWxsb3dmdWxsc2NyZWVuJTNEJTIyJTIyJTIwYXJpYS1oaWRkZW4lM0QlMjJmYWxzZSUyMiUyMHRhYmluZGV4JTNEJTIyMCUyMiUzRSUzQyUyRmlmcmFtZSUzRQ==&#8221;][\/vc_column_inner][\/vc_row_inner][\/vc_column][\/vc_row][vc_row][vc_column][vc_zigzag][\/vc_column][\/vc_row][vc_row][vc_column width=&#8221;1\/2&#8243;][la_heading title=&#8221;Transformacion de Recursos Mineros&#8221;]Ofrecemos la transformaci\u00f3n de recursos\u00a0<strong>naturales<\/strong>, Obteniendo finalmente la transformaci\u00f3n en calizas de alta calidad y con los altos est\u00e1ndares a nivel mundial.[\/la_heading][\/vc_column][vc_column width=&#8221;1\/2&#8243;][vc_single_image image=&#8221;997&#8243; img_size=&#8221;full&#8221;][\/vc_column][\/vc_row]<\/p>\n","protected":false},"excerpt":{"rendered":"<p>[vc_row][vc_column][la_heading title=&#8221;Servicios&#8221;]Comercomb s.a.s, est\u00e1 comprometida a brindar productos de calidad, enfocada a la satisfacci\u00f3n de los requerimientos de nuestros clientes, con el personal competente para el desarrollo de sus actividades basada en el mejoramiento continuo del Sistema de Gesti\u00f3n de la calidad.[\/la_heading][\/vc_column][\/vc_row][vc_row][vc_column width=&#8221;1\/2&#8243;][vc_single_image image=&#8221;993&#8243; img_size=&#8221;full&#8221;][\/vc_column][vc_column width=&#8221;1\/2&#8243;][la_heading title=&#8221;Comercializaci\u00f3n De Combustibles.&#8221;]Ofrecemos Los mejores productos en combustibles, lubricantes, derivados del petr\u00f3leo , tambi\u00e9n&hellip;<\/p>\n","protected":false},"author":1,"featured_media":0,"parent":0,"menu_order":0,"comment_status":"closed","ping_status":"closed","template":"","meta":{"footnotes":""},"class_list":["post-980","page","type-page","status-publish","hentry"],"_links":{"self":[{"href":"https:\/\/comercomb.info\/index.php\/wp-json\/wp\/v2\/pages\/980","targetHints":{"allow":["GET"]}}],"collection":[{"href":"https:\/\/comercomb.info\/index.php\/wp-json\/wp\/v2\/pages"}],"about":[{"href":"https:\/\/comercomb.info\/index.php\/wp-json\/wp\/v2\/types\/page"}],"author":[{"embeddable":true,"href":"https:\/\/comercomb.info\/index.php\/wp-json\/wp\/v2\/users\/1"}],"replies":[{"embeddable":true,"href":"https:\/\/comercomb.info\/index.php\/wp-json\/wp\/v2\/comments?post=980"}],"version-history":[{"count":13,"href":"https:\/\/comercomb.info\/index.php\/wp-json\/wp\/v2\/pages\/980\/revisions"}],"predecessor-version":[{"id":1052,"href":"https:\/\/comercomb.info\/index.php\/wp-json\/wp\/v2\/pages\/980\/revisions\/1052"}],"wp:attachment":[{"href":"https:\/\/comercomb.info\/index.php\/wp-json\/wp\/v2\/media?parent=980"}],"curies":[{"name":"wp","href":"https:\/\/api.w.org\/{rel}","templated":true}]}}